{"id":6398,"date":"2023-06-20T10:45:38","date_gmt":"2023-06-20T08:45:38","guid":{"rendered":"https:\/\/soleildoc.fr\/kontakt-acces\/"},"modified":"2023-11-14T13:24:57","modified_gmt":"2023-11-14T12:24:57","slug":"kontakt-acces","status":"publish","type":"page","link":"https:\/\/soleildoc.fr\/de\/kontakt-acces\/","title":{"rendered":"Infos &amp; Kontakte"},"content":{"rendered":"\n<div class=\"wp-block-group is-layout-constrained wp-container-core-group-is-layout-bbbb44a5 wp-block-group-is-layout-constrained\" style=\"padding-top:var(--wp--preset--spacing--60);padding-right:var(--wp--preset--spacing--60);padding-bottom:var(--wp--preset--spacing--60);padding-left:var(--wp--preset--spacing--60)\">\n<h1 class=\"wp-block-heading has-text-align-center has-link-color-color has-text-color\" style=\"margin-top:var(--wp--preset--spacing--60);margin-right:var(--wp--preset--spacing--60);margin-bottom:var(--wp--preset--spacing--60);margin-left:var(--wp--preset--spacing--60);padding-top:var(--wp--preset--spacing--60);padding-right:var(--wp--preset--spacing--60);padding-bottom:var(--wp--preset--spacing--60);padding-left:var(--wp--preset--spacing--60)\">Kontakt und Zugang<\/h1>\n\n\n\n<div class=\"wp-block-columns is-layout-flex wp-container-core-columns-is-layout-28f84493 wp-block-columns-is-layout-flex\">\n<div class=\"wp-block-column is-vertically-aligned-top is-layout-flow wp-block-column-is-layout-flow\">\n<h2 class=\"wp-block-heading\">Kontaktieren Sie uns  <\/h2>\n\n\n\n<p>Wenn Sie uns eine Frage stellen m\u00f6chten, um weitere Informationen bitten oder einfach nur Ihre Urlaubspl\u00e4ne besprechen m\u00f6chten, z\u00f6gern Sie bitte nicht, uns zu kontaktieren. Sie k\u00f6nnen uns <strong>telefonisch unter +33 (0)4 68 49 86 21 <\/strong>oder per <strong>E-Mail an info@soleildoc.fr<\/strong> erreichen. M\u00f6chten Sie lieber schreiben? Kein Problem! Nutzen Sie unser <strong>Kontaktformular<\/strong>, das auf unserer Website verf\u00fcgbar ist.  <\/p>\n\n\n\n<p><br\/><a href=\"https:\/\/soleildoc.fr\/de\/\">Das Team von Camping Paradis Soleil d&#8217;Oc<\/a> ist hier, um Ihnen bei der Planung Ihres Traumurlaubs in Narbonne-Plage im Herzen der sch\u00f6nen Region Aude zu helfen. Unser erfahrenes Team ist immer bereit, Ihnen mit fachkundigen Ratschl\u00e4gen und lokalen Informationen zur Seite zu stehen, um Ihnen einen unvergesslichen Aufenthalt zu garantieren. Z\u00f6gern Sie nicht, kontaktieren Sie uns noch heute!<\/p>\n<\/div>\n\n\n\n<div class=\"wp-block-column is-layout-flow wp-block-column-is-layout-flow\">\n<div class=\"wp-block-contact-form-7-contact-form-selector formulaire-contact\">\n<div class=\"wpcf7 no-js\" id=\"wpcf7-f6548-o1\" lang=\"de-DE\" dir=\"ltr\" data-wpcf7-id=\"6548\">\n<div class=\"screen-reader-response\"><p role=\"status\" aria-live=\"polite\" aria-atomic=\"true\"><\/p> <ul><\/ul><\/div>\n<form action=\"\/de\/wp-json\/wp\/v2\/pages\/6398#wpcf7-f6548-o1\" method=\"post\" class=\"wpcf7-form init\" id=\"formulaire-contact\" aria-label=\"Kontaktformular\" novalidate=\"novalidate\" data-status=\"init\">\n<div style=\"display: none;\">\n<input type=\"hidden\" name=\"_wpcf7\" value=\"6548\" \/>\n<input type=\"hidden\" name=\"_wpcf7_version\" value=\"6.0.6\" \/>\n<input type=\"hidden\" name=\"_wpcf7_locale\" value=\"de_DE\" \/>\n<input type=\"hidden\" name=\"_wpcf7_unit_tag\" value=\"wpcf7-f6548-o1\" \/>\n<input type=\"hidden\" name=\"_wpcf7_container_post\" value=\"0\" \/>\n<input type=\"hidden\" name=\"_wpcf7_posted_data_hash\" value=\"\" \/>\n<input type=\"hidden\" name=\"_wpcf7_recaptcha_response\" value=\"\" \/>\n<\/div>\n<p><label> Ihr Name<br \/>\n<span class=\"wpcf7-form-control-wrap\" data-name=\"your-name\"><input size=\"40\" maxlength=\"400\" class=\"wpcf7-form-control wpcf7-text wpcf7-validates-as-required\" autocomplete=\"name\" aria-required=\"true\" aria-invalid=\"false\" value=\"\" type=\"text\" name=\"your-name\" \/><\/span> <\/label>\n<\/p>\n<p><label> Ihre E-Mail<br \/>\n<span class=\"wpcf7-form-control-wrap\" data-name=\"your-email\"><input size=\"40\" maxlength=\"400\" class=\"wpcf7-form-control wpcf7-email wpcf7-validates-as-required wpcf7-text wpcf7-validates-as-email\" autocomplete=\"email\" aria-required=\"true\" aria-invalid=\"false\" value=\"\" type=\"email\" name=\"your-email\" \/><\/span> <\/label>\n<\/p>\n<p><label> Objekt<br \/>\n<span class=\"wpcf7-form-control-wrap\" data-name=\"your-subject\"><input size=\"40\" maxlength=\"400\" class=\"wpcf7-form-control wpcf7-text wpcf7-validates-as-required\" aria-required=\"true\" aria-invalid=\"false\" value=\"\" type=\"text\" name=\"your-subject\" \/><\/span> <\/label>\n<\/p>\n<p><label> Ihre Nachricht<br \/>\n<span class=\"wpcf7-form-control-wrap\" data-name=\"your-message\"><textarea cols=\"40\" rows=\"10\" maxlength=\"2000\" class=\"wpcf7-form-control wpcf7-textarea\" aria-invalid=\"false\" name=\"your-message\"><\/textarea><\/span> <\/label>\n<\/p>\n<p><span class=\"wpcf7-form-control-wrap\" data-name=\"acceptance-553\"><span class=\"wpcf7-form-control wpcf7-acceptance\"><span class=\"wpcf7-list-item\"><label><input type=\"checkbox\" name=\"acceptance-553\" value=\"1\" aria-invalid=\"false\" \/><span class=\"wpcf7-list-item-label\">Indem ich dieses K\u00e4stchen ankreuze, stimme ich der <a href=\"\/politique-de-confidentialite\/\" rel=\"nofollow\" target=\"_blank\">Datenschutzrichtlinie<\/a> dieser Website zu.<\/span><\/label><\/span><\/span><\/span>\n<\/p>\n<p><input class=\"wpcf7-form-control wpcf7-submit has-spinner\" type=\"submit\" value=\"Envoyer\" \/>\n<\/p><div class=\"wpcf7-response-output\" aria-hidden=\"true\"><\/div>\n<\/form>\n<\/div>\n<\/div>\n<\/div>\n<\/div>\n\n\n\n<div class=\"wp-block-columns is-layout-flex wp-container-core-columns-is-layout-28f84493 wp-block-columns-is-layout-flex\">\n<div class=\"wp-block-column is-vertically-aligned-center is-layout-flow wp-block-column-is-layout-flow\">\n<iframe src=\"https:\/\/www.google.com\/maps\/embed?pb=!1m14!1m8!1m3!1d108676.75256011853!2d3.140500776327919!3d43.139638058332736!3m2!1i1024!2i768!4f13.1!3m3!1m2!1s0x12b101cc3fc46883%3A0xed47df06bb7ca2f4!2sCamping%20Paradis%20Soleil%20d'Oc!5e0!3m2!1sfr!2sfr!4v1693226295319!5m2!1sfr!2sfr\" width=\"800\" height=\"600\" style=\"border:0;\" allowfullscreen=\"\" loading=\"lazy\" referrerpolicy=\"no-referrer-when-downgrade\"><\/iframe>\n<\/div>\n\n\n\n<div class=\"wp-block-column is-vertically-aligned-center is-layout-flow wp-block-column-is-layout-flow\">\n<h2 class=\"wp-block-heading\">Anreise zum Camping Paradis<\/h2>\n\n\n\n<p>Der Campingplatz Paradis le Soleil d&#8217;OC befindet sich an folgender<strong>Adresse <\/strong>: D332, Route de Gruissan, 11100 Narbonne. Sie k\u00f6nnen auch die<strong> GPS-Koordinaten <\/strong> verwenden: 43.146789014873, 3.152972992115<\/p>\n\n\n\n<p>Erleben Sie einen perfekten Kurzurlaub, bei dem sich die Mittelmeersonne mit nat\u00fcrlicher Sch\u00f6nheit vereint. Kommen Sie zu uns auf den Campingplatz Soleil d&#8217;OC, um unvergleichliche Erinnerungen an diese Ecke des Paradieses in Narbonne zu sammeln.<\/p>\n<\/div>\n<\/div>\n<\/div>\n\n<div class=\"wp-block-group overflow-visible has-background is-layout-constrained wp-container-core-group-is-layout-155c3ba4 wp-block-group-is-layout-constrained\" style=\"border-top-color:var(--wp--preset--color--white);border-top-width:12rem;border-right-color:var(--wp--preset--color--white);border-bottom-color:var(--wp--preset--color--white);border-left-color:var(--wp--preset--color--white);background:linear-gradient(160deg,rgb(255,255,255) 29%,rgb(173,219,243) 29%);margin-top:0rem;margin-bottom:0;padding-top:var(--wp--preset--spacing--80);padding-bottom:8rem\">\n<figure class=\"wp-block-image size-full is-resized rellax is-style-gt-bg-image-bottom-left\"><img decoding=\"async\" width=\"273\" height=\"218\" sizes=\"(max-width: min(calc(100% - 15vw), 205px)) 100vw, min(calc(100% - 15vw), 205px)\" src=\"https:\/\/soleildoc.fr\/wp-content\/uploads\/sites\/45\/2023\/05\/actualites-camping-paradis.png\" alt=\"news camping paradis\" class=\"wp-image-841\" style=\"width:205px;height:164px\"\/><\/figure>\n\n\n\n<h2 class=\"wp-block-heading has-text-align-center z-index-3 position-relative m-n-t-20 animated fadeInUp has-large-font-size\">Entdecken Sie unsere Aktivit\u00e4ten, unser Schwimmbad und unsere Vermietungen<\/h2>\n\n\n\n<div class=\"wp-block-group is-content-justification-center is-layout-constrained wp-container-core-group-is-layout-1557714b wp-block-group-is-layout-constrained\">\n<hr class=\"wp-block-separator has-text-color has-link-color-color has-alpha-channel-opacity has-link-color-background-color has-background animated fadeInUp delay-200ms\"\/>\n<\/div>\n\n\n\r\n<div \r\n     \r\n    class=\"gt-maillage-block animated fadeInUp delay-100ms slow\" \r\n    style=\"\"\r\n>\r\n\r\n    \r\n        \r\n        <article \r\n    class=\"gt-cta gt-cta--page\" \r\n    style=\"aspect-ratio:16\/9\"\r\n>\r\n    <a href=\"https:\/\/soleildoc.fr\/de\/camping-animationen-narbonne-plage\/\" title=\"Aktivit\u00e4ten und Animationen\" class=\"gt-cta__link\">\r\n        <div class=\"gt-cta__thumb\">\r\n                            <img alt=\"bandeau anim\" decoding=\"async\" width=\"1549\" height=\"648\" src=\"https:\/\/soleildoc.fr\/wp-content\/uploads\/sites\/45\/2023\/08\/bandeau-anim.webp\" class=\"attachment-full size-full wp-post-image\" alt=\"\" srcset=\"https:\/\/soleildoc.fr\/wp-content\/uploads\/sites\/45\/2023\/08\/bandeau-anim.webp 1549w, https:\/\/soleildoc.fr\/wp-content\/uploads\/sites\/45\/2023\/08\/bandeau-anim-300x126.webp 300w, https:\/\/soleildoc.fr\/wp-content\/uploads\/sites\/45\/2023\/08\/bandeau-anim-1024x428.webp 1024w, https:\/\/soleildoc.fr\/wp-content\/uploads\/sites\/45\/2023\/08\/bandeau-anim-768x321.webp 768w, https:\/\/soleildoc.fr\/wp-content\/uploads\/sites\/45\/2023\/08\/bandeau-anim-1536x643.webp 1536w\" sizes=\"(max-width: 1549px) 100vw, 1549px\" \/>                    <\/div>\r\n        <div class=\"gt-cta__content\">\r\n            <div class=\"gt-cta__title\">\r\n                Aktivit\u00e4ten und Animationen            <\/div>\r\n        <\/div>\r\n    <\/a>\r\n<\/article>\r\n    \r\n        <article \r\n    class=\"gt-cta gt-cta--page\" \r\n    style=\"aspect-ratio:16\/9\"\r\n>\r\n    <a href=\"https:\/\/soleildoc.fr\/de\/camping-wasserspielplatz-narbonne-strand\/\" title=\"Swimmingpool\" class=\"gt-cta__link\">\r\n        <div class=\"gt-cta__thumb\">\r\n                            <img alt=\"camping espace aquatique Aude\" decoding=\"async\" width=\"1498\" height=\"997\" src=\"https:\/\/soleildoc.fr\/wp-content\/uploads\/sites\/45\/2023\/08\/camping-espace-aquatique-Aude.webp\" class=\"attachment-full size-full wp-post-image\" alt=\"\" srcset=\"https:\/\/soleildoc.fr\/wp-content\/uploads\/sites\/45\/2023\/08\/camping-espace-aquatique-Aude.webp 1498w, https:\/\/soleildoc.fr\/wp-content\/uploads\/sites\/45\/2023\/08\/camping-espace-aquatique-Aude-300x200.webp 300w, https:\/\/soleildoc.fr\/wp-content\/uploads\/sites\/45\/2023\/08\/camping-espace-aquatique-Aude-1024x682.webp 1024w, https:\/\/soleildoc.fr\/wp-content\/uploads\/sites\/45\/2023\/08\/camping-espace-aquatique-Aude-768x511.webp 768w\" sizes=\"(max-width: 1498px) 100vw, 1498px\" \/>                    <\/div>\r\n        <div class=\"gt-cta__content\">\r\n            <div class=\"gt-cta__title\">\r\n                Swimmingpool            <\/div>\r\n        <\/div>\r\n    <\/a>\r\n<\/article>\r\n    \r\n        <article \r\n    class=\"gt-cta gt-cta--page\" \r\n    style=\"aspect-ratio:16\/9\"\r\n>\r\n    <a href=\"https:\/\/soleildoc.fr\/de\/vermietung-mobil-home-narbonne-strand\/\" title=\"Unsere Vermietungen\" class=\"gt-cta__link\">\r\n        <div class=\"gt-cta__thumb\">\r\n                            <img decoding=\"async\" width=\"2048\" height=\"1536\" src=\"https:\/\/soleildoc.fr\/wp-content\/uploads\/sites\/45\/2025\/06\/DJI_20250609095605_0110_D-scaled.jpg\" class=\"attachment-full size-full not-transparent wp-post-image\" alt=\"Camping Paradis Soleil d&#039;Oc - Vue a\u00e9rienne zone premium location avec vue sur les vignes\" srcset=\"https:\/\/soleildoc.fr\/wp-content\/uploads\/sites\/45\/2025\/06\/DJI_20250609095605_0110_D-scaled.jpg 2048w, https:\/\/soleildoc.fr\/wp-content\/uploads\/sites\/45\/2025\/06\/DJI_20250609095605_0110_D-300x225.jpg 300w, https:\/\/soleildoc.fr\/wp-content\/uploads\/sites\/45\/2025\/06\/DJI_20250609095605_0110_D-1024x768.jpg 1024w, https:\/\/soleildoc.fr\/wp-content\/uploads\/sites\/45\/2025\/06\/DJI_20250609095605_0110_D-768x576.jpg 768w, https:\/\/soleildoc.fr\/wp-content\/uploads\/sites\/45\/2025\/06\/DJI_20250609095605_0110_D-1536x1152.jpg 1536w\" sizes=\"(max-width: 2048px) 100vw, 2048px\" data-has-transparency=\"false\" data-dominant-color=\"808d70\" style=\"--dominant-color: #808d70;\" \/>                    <\/div>\r\n        <div class=\"gt-cta__content\">\r\n            <div class=\"gt-cta__title\">\r\n                Unsere Vermietungen            <\/div>\r\n        <\/div>\r\n    <\/a>\r\n<\/article>\r\n            \r\n<\/div><\/div>\n","protected":false},"excerpt":{"rendered":"<p>Kontakt und Zugang Kontaktieren Sie uns Wenn Sie uns eine Frage stellen m\u00f6chten, um weitere Informationen bitten oder einfach nur Ihre Urlaubspl\u00e4ne besprechen m\u00f6chten, z\u00f6gern Sie bitte nicht, uns zu kontaktieren. Sie k\u00f6nnen uns telefonisch unter +33 (0)4 68 49 86 21 oder per E-Mail an info@soleildoc.fr erreichen. M\u00f6chten Sie lieber schreiben? Kein Problem! Nutzen [&hellip;]<\/p>\n","protected":false},"author":1,"featured_media":6402,"parent":0,"menu_order":20,"comment_status":"closed","ping_status":"closed","template":"","meta":{"_acf_changed":false,"footnotes":""},"class_list":["post-6398","page","type-page","status-publish","has-post-thumbnail","hentry"],"acf":[],"yoast_head":"<!-- This site is optimized with the Yoast SEO plugin v24.8.1 - https:\/\/yoast.com\/wordpress\/plugins\/seo\/ -->\n<title>Kontaktieren Sie uns | Camping Paradis Narbonne-Plage<\/title>\n<meta name=\"robots\" content=\"index, follow, max-snippet:-1, max-image-preview:large, max-video-preview:-1\" \/>\n<link rel=\"canonical\" href=\"https:\/\/soleildoc.fr\/de\/kontakt-acces\/\" \/>\n<meta property=\"og:locale\" content=\"de_DE\" \/>\n<meta property=\"og:type\" content=\"article\" \/>\n<meta property=\"og:title\" content=\"Kontaktieren Sie uns | Camping Paradis Narbonne-Plage\" \/>\n<meta property=\"og:description\" content=\"Kontakt und Zugang Kontaktieren Sie uns Wenn Sie uns eine Frage stellen m\u00f6chten, um weitere Informationen bitten oder einfach nur Ihre Urlaubspl\u00e4ne besprechen m\u00f6chten, z\u00f6gern Sie bitte nicht, uns zu kontaktieren. Sie k\u00f6nnen uns telefonisch unter +33 (0)4 68 49 86 21 oder per E-Mail an info@soleildoc.fr erreichen. M\u00f6chten Sie lieber schreiben? Kein Problem! Nutzen [&hellip;]\" \/>\n<meta property=\"og:url\" content=\"https:\/\/soleildoc.fr\/de\/kontakt-acces\/\" \/>\n<meta property=\"og:site_name\" content=\"Camping Paradis Soleil d Oc - Site Officiel - Meilleur Prix Garanti\" \/>\n<meta property=\"article:modified_time\" content=\"2023-11-14T12:24:57+00:00\" \/>\n<meta property=\"og:image\" content=\"http:\/\/soleildoc.fr\/wp-content\/uploads\/sites\/45\/2023\/08\/camping-narbonne-4-etoiles-activites-scaled.webp\" \/>\n\t<meta property=\"og:image:width\" content=\"2048\" \/>\n\t<meta property=\"og:image:height\" content=\"1366\" \/>\n\t<meta property=\"og:image:type\" content=\"image\/webp\" \/>\n<meta name=\"twitter:card\" content=\"summary_large_image\" \/>\n<meta name=\"twitter:label1\" content=\"Gesch\u00e4tzte Lesezeit\" \/>\n\t<meta name=\"twitter:data1\" content=\"1\u00a0Minute\" \/>\n<script type=\"application\/ld+json\" class=\"yoast-schema-graph\">{\"@context\":\"https:\/\/schema.org\",\"@graph\":[{\"@type\":\"WebPage\",\"@id\":\"https:\/\/soleildoc.fr\/de\/kontakt-acces\/\",\"url\":\"https:\/\/soleildoc.fr\/de\/kontakt-acces\/\",\"name\":\"Kontaktieren Sie uns | Camping Paradis Narbonne-Plage\",\"isPartOf\":{\"@id\":\"http:\/\/soleildoc.fr\/de\/#website\"},\"primaryImageOfPage\":{\"@id\":\"https:\/\/soleildoc.fr\/de\/kontakt-acces\/#primaryimage\"},\"image\":{\"@id\":\"https:\/\/soleildoc.fr\/de\/kontakt-acces\/#primaryimage\"},\"thumbnailUrl\":\"https:\/\/soleildoc.fr\/wp-content\/uploads\/sites\/45\/2023\/08\/camping-narbonne-4-etoiles-activites-scaled.webp\",\"datePublished\":\"2023-06-20T08:45:38+00:00\",\"dateModified\":\"2023-11-14T12:24:57+00:00\",\"breadcrumb\":{\"@id\":\"https:\/\/soleildoc.fr\/de\/kontakt-acces\/#breadcrumb\"},\"inLanguage\":\"de\",\"potentialAction\":[{\"@type\":\"ReadAction\",\"target\":[\"https:\/\/soleildoc.fr\/de\/kontakt-acces\/\"]}]},{\"@type\":\"ImageObject\",\"inLanguage\":\"de\",\"@id\":\"https:\/\/soleildoc.fr\/de\/kontakt-acces\/#primaryimage\",\"url\":\"https:\/\/soleildoc.fr\/wp-content\/uploads\/sites\/45\/2023\/08\/camping-narbonne-4-etoiles-activites-scaled.webp\",\"contentUrl\":\"https:\/\/soleildoc.fr\/wp-content\/uploads\/sites\/45\/2023\/08\/camping-narbonne-4-etoiles-activites-scaled.webp\",\"width\":2048,\"height\":1366},{\"@type\":\"BreadcrumbList\",\"@id\":\"https:\/\/soleildoc.fr\/de\/kontakt-acces\/#breadcrumb\",\"itemListElement\":[{\"@type\":\"ListItem\",\"position\":1,\"name\":\"Startseite\",\"item\":\"https:\/\/soleildoc.fr\/de\/\"},{\"@type\":\"ListItem\",\"position\":2,\"name\":\"Kontaktieren Sie uns Camping in der Aude\"}]},{\"@type\":\"WebSite\",\"@id\":\"http:\/\/soleildoc.fr\/de\/#website\",\"url\":\"http:\/\/soleildoc.fr\/de\/\",\"name\":\"Camping Paradis Soleil d Oc - Site Officiel - Meilleur Prix Garanti\",\"description\":\"\",\"publisher\":{\"@id\":\"http:\/\/soleildoc.fr\/de\/#organization\"},\"potentialAction\":[{\"@type\":\"SearchAction\",\"target\":{\"@type\":\"EntryPoint\",\"urlTemplate\":\"http:\/\/soleildoc.fr\/de\/?s={search_term_string}\"},\"query-input\":{\"@type\":\"PropertyValueSpecification\",\"valueRequired\":true,\"valueName\":\"search_term_string\"}}],\"inLanguage\":\"de\"},{\"@type\":\"Organization\",\"@id\":\"http:\/\/soleildoc.fr\/de\/#organization\",\"name\":\"Camping Paradis Soleil d Oc - Site Officiel - Meilleur Prix Garanti\",\"url\":\"http:\/\/soleildoc.fr\/de\/\",\"logo\":{\"@type\":\"ImageObject\",\"inLanguage\":\"de\",\"@id\":\"http:\/\/soleildoc.fr\/de\/#\/schema\/logo\/image\/\",\"url\":\"https:\/\/soleildoc.fr\/wp-content\/uploads\/sites\/45\/2023\/08\/LOGO-CP-SOLEIL-DOC-2023.png\",\"contentUrl\":\"https:\/\/soleildoc.fr\/wp-content\/uploads\/sites\/45\/2023\/08\/LOGO-CP-SOLEIL-DOC-2023.png\",\"width\":800,\"height\":500,\"caption\":\"Camping Paradis Soleil d Oc - Site Officiel - Meilleur Prix Garanti\"},\"image\":{\"@id\":\"http:\/\/soleildoc.fr\/de\/#\/schema\/logo\/image\/\"}}]}<\/script>\n<!-- \/ Yoast SEO plugin. -->","yoast_head_json":{"title":"Kontaktieren Sie uns | Camping Paradis Narbonne-Plage","robots":{"index":"index","follow":"follow","max-snippet":"max-snippet:-1","max-image-preview":"max-image-preview:large","max-video-preview":"max-video-preview:-1"},"canonical":"https:\/\/soleildoc.fr\/de\/kontakt-acces\/","og_locale":"de_DE","og_type":"article","og_title":"Kontaktieren Sie uns | Camping Paradis Narbonne-Plage","og_description":"Kontakt und Zugang Kontaktieren Sie uns Wenn Sie uns eine Frage stellen m\u00f6chten, um weitere Informationen bitten oder einfach nur Ihre Urlaubspl\u00e4ne besprechen m\u00f6chten, z\u00f6gern Sie bitte nicht, uns zu kontaktieren. Sie k\u00f6nnen uns telefonisch unter +33 (0)4 68 49 86 21 oder per E-Mail an info@soleildoc.fr erreichen. M\u00f6chten Sie lieber schreiben? Kein Problem! Nutzen [&hellip;]","og_url":"https:\/\/soleildoc.fr\/de\/kontakt-acces\/","og_site_name":"Camping Paradis Soleil d Oc - Site Officiel - Meilleur Prix Garanti","article_modified_time":"2023-11-14T12:24:57+00:00","og_image":[{"width":2048,"height":1366,"url":"http:\/\/soleildoc.fr\/wp-content\/uploads\/sites\/45\/2023\/08\/camping-narbonne-4-etoiles-activites-scaled.webp","type":"image\/webp"}],"twitter_card":"summary_large_image","twitter_misc":{"Gesch\u00e4tzte Lesezeit":"1\u00a0Minute"},"schema":{"@context":"https:\/\/schema.org","@graph":[{"@type":"WebPage","@id":"https:\/\/soleildoc.fr\/de\/kontakt-acces\/","url":"https:\/\/soleildoc.fr\/de\/kontakt-acces\/","name":"Kontaktieren Sie uns | Camping Paradis Narbonne-Plage","isPartOf":{"@id":"http:\/\/soleildoc.fr\/de\/#website"},"primaryImageOfPage":{"@id":"https:\/\/soleildoc.fr\/de\/kontakt-acces\/#primaryimage"},"image":{"@id":"https:\/\/soleildoc.fr\/de\/kontakt-acces\/#primaryimage"},"thumbnailUrl":"https:\/\/soleildoc.fr\/wp-content\/uploads\/sites\/45\/2023\/08\/camping-narbonne-4-etoiles-activites-scaled.webp","datePublished":"2023-06-20T08:45:38+00:00","dateModified":"2023-11-14T12:24:57+00:00","breadcrumb":{"@id":"https:\/\/soleildoc.fr\/de\/kontakt-acces\/#breadcrumb"},"inLanguage":"de","potentialAction":[{"@type":"ReadAction","target":["https:\/\/soleildoc.fr\/de\/kontakt-acces\/"]}]},{"@type":"ImageObject","inLanguage":"de","@id":"https:\/\/soleildoc.fr\/de\/kontakt-acces\/#primaryimage","url":"https:\/\/soleildoc.fr\/wp-content\/uploads\/sites\/45\/2023\/08\/camping-narbonne-4-etoiles-activites-scaled.webp","contentUrl":"https:\/\/soleildoc.fr\/wp-content\/uploads\/sites\/45\/2023\/08\/camping-narbonne-4-etoiles-activites-scaled.webp","width":2048,"height":1366},{"@type":"BreadcrumbList","@id":"https:\/\/soleildoc.fr\/de\/kontakt-acces\/#breadcrumb","itemListElement":[{"@type":"ListItem","position":1,"name":"Startseite","item":"https:\/\/soleildoc.fr\/de\/"},{"@type":"ListItem","position":2,"name":"Kontaktieren Sie uns Camping in der Aude"}]},{"@type":"WebSite","@id":"http:\/\/soleildoc.fr\/de\/#website","url":"http:\/\/soleildoc.fr\/de\/","name":"Camping Paradis Soleil d Oc - Site Officiel - Meilleur Prix Garanti","description":"","publisher":{"@id":"http:\/\/soleildoc.fr\/de\/#organization"},"potentialAction":[{"@type":"SearchAction","target":{"@type":"EntryPoint","urlTemplate":"http:\/\/soleildoc.fr\/de\/?s={search_term_string}"},"query-input":{"@type":"PropertyValueSpecification","valueRequired":true,"valueName":"search_term_string"}}],"inLanguage":"de"},{"@type":"Organization","@id":"http:\/\/soleildoc.fr\/de\/#organization","name":"Camping Paradis Soleil d Oc - Site Officiel - Meilleur Prix Garanti","url":"http:\/\/soleildoc.fr\/de\/","logo":{"@type":"ImageObject","inLanguage":"de","@id":"http:\/\/soleildoc.fr\/de\/#\/schema\/logo\/image\/","url":"https:\/\/soleildoc.fr\/wp-content\/uploads\/sites\/45\/2023\/08\/LOGO-CP-SOLEIL-DOC-2023.png","contentUrl":"https:\/\/soleildoc.fr\/wp-content\/uploads\/sites\/45\/2023\/08\/LOGO-CP-SOLEIL-DOC-2023.png","width":800,"height":500,"caption":"Camping Paradis Soleil d Oc - Site Officiel - Meilleur Prix Garanti"},"image":{"@id":"http:\/\/soleildoc.fr\/de\/#\/schema\/logo\/image\/"}}]}},"_links":{"self":[{"href":"https:\/\/soleildoc.fr\/de\/wp-json\/wp\/v2\/pages\/6398","targetHints":{"allow":["GET"]}}],"collection":[{"href":"https:\/\/soleildoc.fr\/de\/wp-json\/wp\/v2\/pages"}],"about":[{"href":"https:\/\/soleildoc.fr\/de\/wp-json\/wp\/v2\/types\/page"}],"author":[{"embeddable":true,"href":"https:\/\/soleildoc.fr\/de\/wp-json\/wp\/v2\/users\/1"}],"replies":[{"embeddable":true,"href":"https:\/\/soleildoc.fr\/de\/wp-json\/wp\/v2\/comments?post=6398"}],"version-history":[{"count":5,"href":"https:\/\/soleildoc.fr\/de\/wp-json\/wp\/v2\/pages\/6398\/revisions"}],"predecessor-version":[{"id":10436,"href":"https:\/\/soleildoc.fr\/de\/wp-json\/wp\/v2\/pages\/6398\/revisions\/10436"}],"wp:featuredmedia":[{"embeddable":true,"href":"https:\/\/soleildoc.fr\/de\/wp-json\/wp\/v2\/media\/6402"}],"wp:attachment":[{"href":"https:\/\/soleildoc.fr\/de\/wp-json\/wp\/v2\/media?parent=6398"}],"curies":[{"name":"wp","href":"https:\/\/api.w.org\/{rel}","templated":true}]}}